{"id":1729,"date":"2025-12-11T14:35:30","date_gmt":"2025-12-11T14:35:30","guid":{"rendered":"https:\/\/sanktnikolaikitzen.de\/?page_id=1729"},"modified":"2026-02-14T12:24:41","modified_gmt":"2026-02-14T12:24:41","slug":"veranstaltungen-2026","status":"publish","type":"page","link":"https:\/\/sanktnikolaikitzen.de\/?page_id=1729","title":{"rendered":"Veranstaltungen 2026"},"content":{"rendered":"\n<p>Der F\u00f6rderverein hat f\u00fcr 2026 wieder ein erlesenes Programm vorbereitet. Es gibt Lesung und Kabarett, klassische Musik und Blues, Gospel und die Don-Kosaken kommen.<\/p>\n\n\n\n<p>Bew\u00e4hrtes bleibt nat\u00fcrlich erhalten: Vor den Veranstaltungen gibt es Kuchen und Kaffee sowie verschiedene andere Getr\u00e4nke zu kleinen Preisen. Vor abendlichen Konzerten werden Kaffee und Kuchen von Herzhaftem ersetzt.<\/p>\n\n\n\n<p>Kartenvorbestellungen beziehungsweise Platzreservierungen sind jeweils m\u00f6glich \u2013 und angesichts des Andrangs im vorigen Jahr sehr zu empfehlen &#8211; &nbsp;bei Barbara Arnold, Telefon 0152-24414243 oder per E-Mail unter <a href=\"&#x6d;a&#x69;&#108;&#x74;&#111;:&#x61;r&#x6e;&#111;&#x6c;&#100;-&#x62;&#97;&#x72;&#98;a&#x72;a&#x2d;&#107;&#x75;&#108;t&#x75;r&#x40;&#103;&#x6d;&#x78;&#46;&#x64;&#101;\">&#x61;&#114;n&#x6f;&#108;d&#x2d;&#x62;&#97;&#x72;&#x62;&#97;r&#x61;&#45;k&#x75;&#x6c;&#116;&#x75;&#x72;&#64;g&#x6d;&#120;&#46;&#x64;&#x65;<\/a>.<\/p>\n\n\n\n<p class=\"has-large-font-size\"><strong>M\u00e4rz 2026<\/strong><\/p>\n\n\n\n<figure class=\"wp-block-image size-large\"><img loading=\"lazy\" decoding=\"async\" width=\"1024\" height=\"768\" src=\"https:\/\/sanktnikolaikitzen.de\/wp-content\/uploads\/2025\/12\/7d48c20b-ba18-4e60-93cb-9baa7bbf1e93-1024x768.jpeg\" alt=\"\" class=\"wp-image-1754\" srcset=\"https:\/\/sanktnikolaikitzen.de\/wp-content\/uploads\/2025\/12\/7d48c20b-ba18-4e60-93cb-9baa7bbf1e93-1024x768.jpeg 1024w, https:\/\/sanktnikolaikitzen.de\/wp-content\/uploads\/2025\/12\/7d48c20b-ba18-4e60-93cb-9baa7bbf1e93-300x225.jpeg 300w, https:\/\/sanktnikolaikitzen.de\/wp-content\/uploads\/2025\/12\/7d48c20b-ba18-4e60-93cb-9baa7bbf1e93-768x576.jpeg 768w, https:\/\/sanktnikolaikitzen.de\/wp-content\/uploads\/2025\/12\/7d48c20b-ba18-4e60-93cb-9baa7bbf1e93-1536x1152.jpeg 1536w, https:\/\/sanktnikolaikitzen.de\/wp-content\/uploads\/2025\/12\/7d48c20b-ba18-4e60-93cb-9baa7bbf1e93-1200x900.jpeg 1200w, https:\/\/sanktnikolaikitzen.de\/wp-content\/uploads\/2025\/12\/7d48c20b-ba18-4e60-93cb-9baa7bbf1e93.jpeg 1600w\" sizes=\"auto, (max-width: 709px) 85vw, (max-width: 909px) 67vw, (max-width: 1362px) 62vw, 840px\" \/><figcaption class=\"wp-element-caption\">Birger Zentner bei einer Signierstunde f\u00fcr seinen 2025 erschienenen Krimi. Foto: Uwe Arps<\/figcaption><\/figure>\n\n\n\n<p>Wie schon in den vergangenen Jahren beginnt der Reigen der kulturellen Programme des F\u00f6rdervereins im M\u00e4rz im Kulturhaus, weil es erfahrungsgem\u00e4\u00df in dieser Jahreszeit in der Kirche noch ziemlich k\u00fchl ist. Am 22. M\u00e4rz 2026 um 16 Uhr liest Birger Zentner eigene heitere Texte unter dem Titel &#8222;Am Telefon und andere Skurrilit\u00e4ten&#8220;. Dabei geht es um Erfahrungen eben am Telefon und um kuriose Situationen und Erlebnisse auf Reisen. Zudem rezitiert er Balladen der s\u00e4chsischen Mundartdichterin Lene Vogt sowie Klassiker aus der Reihe \u201eLyrik, Jazz und Prosa\u201c, die in den 1960er Jahren viele Menschen begeistert hat: \u201eDer Hase im Rausch\u201c zum Beispiel. Zentner hat 42 Jahre f\u00fcr Zeitungsredaktionen gearbeitet. Seit er im Ruhestand ist befasst er sich auch mit B\u00fcchern. Unter anderem hat er \u00fcber die Geschichte des Basketballs in Wei\u00dfenfels geschrieben, wo es seit 1999 mit ein paar Jahren Unterbrechung Basketball vom Feinsten aus der deutschen Bundesliga gibt. Im November 2025 ist zudem sein Krimi mit dem Titel \u201eDer Vertrag\u201c im Wei\u00dfenfelser Arps-Verlag erschienen.<\/p>\n\n\n\n<p>Der Eintritt kostet 10 Euro.<\/p>\n\n\n\n<p class=\"has-large-font-size\"><strong>April 2026<\/strong><\/p>\n\n\n\n<figure class=\"wp-block-image size-large\"><img loading=\"lazy\" decoding=\"async\" width=\"1024\" height=\"683\" src=\"https:\/\/sanktnikolaikitzen.de\/wp-content\/uploads\/2025\/12\/02-April-Geissler-1024x683.jpg\" alt=\"\" class=\"wp-image-1755\" srcset=\"https:\/\/sanktnikolaikitzen.de\/wp-content\/uploads\/2025\/12\/02-April-Geissler-1024x683.jpg 1024w, https:\/\/sanktnikolaikitzen.de\/wp-content\/uploads\/2025\/12\/02-April-Geissler-300x200.jpg 300w, https:\/\/sanktnikolaikitzen.de\/wp-content\/uploads\/2025\/12\/02-April-Geissler-768x512.jpg 768w, https:\/\/sanktnikolaikitzen.de\/wp-content\/uploads\/2025\/12\/02-April-Geissler-1200x800.jpg 1200w, https:\/\/sanktnikolaikitzen.de\/wp-content\/uploads\/2025\/12\/02-April-Geissler.jpg 1440w\" sizes=\"auto, (max-width: 709px) 85vw, (max-width: 909px) 67vw, (max-width: 1362px) 62vw, 840px\" \/><figcaption class=\"wp-element-caption\">Anke Gei\u00dfler alias Kellnerin Monika Weingeist. Im Hintergrund Enrico Wirth. Foto: ankegeissler.de<\/figcaption><\/figure>\n\n\n\n<p>Am 26. April 2026 um 16 Uhr setzt der F\u00f6rderverein die Reihe erfolgreicher Kabarettprogramme fort. Zu Gast ist Anke Gei\u00dfler, die wie schon zuvor Heike Ronniger und Carolin Fischer zum Kreis des Leipziger Kabaretts academixer geh\u00f6rt. Gei\u00dfler kommt mit ihrem Programm \u201eTrinkgeld darf auch knistern\u201c. Anke Gei\u00dfler alias Kellnerin Monika Weingeist serviert ein \u201egefundenes Fressen mit Hybrid-W\u00fcrze,&nbsp;Naturaroma und Knuspervielfalt\u201c, wie es auf ihrer Internetseite hei\u00dft. Zu Gast sind zahlreiche Figuren, die im Lokal ins Plaudern, Posaunen und Singen kommen, dass es nur so knistert. Begleitet wird sie bei ihrem Programm von Enrico Wirth am Klavier, der dem Kitzener Publikum bereits aus den Programmen der beiden anderen Kabarettistinnen bestens bekannt ist. Mehr Informationen zu Anke Gei\u00dfler unter <a href=\"http:\/\/ankegeissler.de\">ankegeissler.de<\/a><\/p>\n\n\n\n<p>Der Eintritt kostet 20 Euro pro Person.<\/p>\n\n\n\n<p class=\"has-large-font-size\"><strong>Mai 2026<\/strong><\/p>\n\n\n\n<figure class=\"wp-block-image size-large\"><img loading=\"lazy\" decoding=\"async\" width=\"1024\" height=\"683\" src=\"https:\/\/sanktnikolaikitzen.de\/wp-content\/uploads\/2025\/12\/03-Mai-LSO_Bildgroesse-aendern-1024x683.jpg\" alt=\"\" class=\"wp-image-1757\" srcset=\"https:\/\/sanktnikolaikitzen.de\/wp-content\/uploads\/2025\/12\/03-Mai-LSO_Bildgroesse-aendern-1024x683.jpg 1024w, https:\/\/sanktnikolaikitzen.de\/wp-content\/uploads\/2025\/12\/03-Mai-LSO_Bildgroesse-aendern-300x200.jpg 300w, https:\/\/sanktnikolaikitzen.de\/wp-content\/uploads\/2025\/12\/03-Mai-LSO_Bildgroesse-aendern-768x512.jpg 768w, https:\/\/sanktnikolaikitzen.de\/wp-content\/uploads\/2025\/12\/03-Mai-LSO_Bildgroesse-aendern.jpg 1168w\" sizes=\"auto, (max-width: 709px) 85vw, (max-width: 909px) 67vw, (max-width: 1362px) 62vw, 840px\" \/><figcaption class=\"wp-element-caption\">Das Leipziger Symphonieorchester bei seinem Kitzener Konzert 2025.<\/figcaption><\/figure>\n\n\n\n<p>Ein allj\u00e4hrlicher Gast in der Kitzener Kirche ist das Leipziger Symphonieorchester \u201eLSO\u201c. 2026 kommt der renommierte Klangk\u00f6rper am 31. Mai um 16 Uhr zum Konzert nach Kitzen. Zuletzt war das Orchester im Mai 2025 mit \u201eWiener Klassik\u201c in Kitzen. Welches Programm das Publikum anno 2026 als Fr\u00fchlingskonzert erwartet, ist noch offen. Aber man kann sicher sein, dass Chefdirigent Robbert van Steijn wieder einen anspruchsvollen und sehr unterhaltenden musikalischen Reigen zusammenstellen wird.&nbsp; Mehr Informationen unter <a href=\"http:\/\/lso.de\">lso.de<\/a><\/p>\n\n\n\n<p>Der Eintritt kostet 20 Euro pro Person.<\/p>\n\n\n\n<p class=\"has-large-font-size\"><strong>Juni 2026<\/strong><\/p>\n\n\n\n<figure class=\"wp-block-image size-large\"><img loading=\"lazy\" decoding=\"async\" width=\"1024\" height=\"682\" src=\"https:\/\/sanktnikolaikitzen.de\/wp-content\/uploads\/2025\/12\/04-Juni-Saxn-1024x682.jpg\" alt=\"\" class=\"wp-image-1758\" srcset=\"https:\/\/sanktnikolaikitzen.de\/wp-content\/uploads\/2025\/12\/04-Juni-Saxn-1024x682.jpg 1024w, https:\/\/sanktnikolaikitzen.de\/wp-content\/uploads\/2025\/12\/04-Juni-Saxn-300x200.jpg 300w, https:\/\/sanktnikolaikitzen.de\/wp-content\/uploads\/2025\/12\/04-Juni-Saxn-768x512.jpg 768w, https:\/\/sanktnikolaikitzen.de\/wp-content\/uploads\/2025\/12\/04-Juni-Saxn-1200x800.jpg 1200w, https:\/\/sanktnikolaikitzen.de\/wp-content\/uploads\/2025\/12\/04-Juni-Saxn.jpg 1496w\" sizes=\"auto, (max-width: 709px) 85vw, (max-width: 909px) 67vw, (max-width: 1362px) 62vw, 840px\" \/><figcaption class=\"wp-element-caption\">Vom Publikum in Kitzen gefeiert: Die Sax&#8217;n.<\/figcaption><\/figure>\n\n\n\n<p>F\u00fcr den 21. Juni um 19 Uhr darf man getrost wieder ein volles Haus beim Kultursonntag des F\u00f6rdervereins prognostizieren. \u201eDie Sax\u2019n\u201c sind dann wieder da. Die charmanten Damen Isabell Rose, Corinna Stieler, Luci Lux und Alexandra Michaelis mit ihren Saxophonen sowie Ren\u00e9 Scipio haben im Juli 2024 das Kitzener Publikum zu Begeisterungsst\u00fcrmen hingerissen. Damals versprachen die Ensemble-Mitglieder angesichts der Resonanz von rund 200 Besucherinnen und Besucher, wieder nach Kitzen zu kommen. Nun l\u00f6sen sie ihr Versprechen ein. \u201eDie Sax\u2019n\u201c haben \u00fcbrigens 2025 ihr zehnj\u00e4hriges Bestehen gefeiert. Mehr \u00fcber das Ensemble unter: <a href=\"http:\/\/die-saxn.de\">die-saxn.de<\/a><\/p>\n\n\n\n<p>Der Eintritt kostet 20 Euro pro Person.<\/p>\n\n\n\n<p class=\"has-large-font-size\"><strong>Juli 2026<\/strong><\/p>\n\n\n\n<figure class=\"wp-block-image size-large\"><img loading=\"lazy\" decoding=\"async\" width=\"681\" height=\"1024\" src=\"https:\/\/sanktnikolaikitzen.de\/wp-content\/uploads\/2025\/12\/05-Juli-Wallenstein-681x1024.jpg\" alt=\"\" class=\"wp-image-1759\" srcset=\"https:\/\/sanktnikolaikitzen.de\/wp-content\/uploads\/2025\/12\/05-Juli-Wallenstein-681x1024.jpg 681w, https:\/\/sanktnikolaikitzen.de\/wp-content\/uploads\/2025\/12\/05-Juli-Wallenstein-200x300.jpg 200w, https:\/\/sanktnikolaikitzen.de\/wp-content\/uploads\/2025\/12\/05-Juli-Wallenstein-768x1154.jpg 768w, https:\/\/sanktnikolaikitzen.de\/wp-content\/uploads\/2025\/12\/05-Juli-Wallenstein-1022x1536.jpg 1022w, https:\/\/sanktnikolaikitzen.de\/wp-content\/uploads\/2025\/12\/05-Juli-Wallenstein-1363x2048.jpg 1363w, https:\/\/sanktnikolaikitzen.de\/wp-content\/uploads\/2025\/12\/05-Juli-Wallenstein-1200x1803.jpg 1200w, https:\/\/sanktnikolaikitzen.de\/wp-content\/uploads\/2025\/12\/05-Juli-Wallenstein.jpg 1500w\" sizes=\"auto, (max-width: 681px) 85vw, 681px\" \/><figcaption class=\"wp-element-caption\">Abi Wallenstein kommt erstmals nach Kitzen. Foto: Kay Winter<\/figcaption><\/figure>\n\n\n\n<p>Wie Blues in die Seele geht, das konnten die Kulturfreunde in Kitzen zuletzt im Oktober 2025 beim Auftritt der Leipziger Elsterbluesband begeistert f\u00fchlen. Was lag also n\u00e4her, als dieser Musikrichtung auch 2026 ein Podium zu geben. Daf\u00fcr ist es gelungen, ein Urgestein des Blues zu gewinnen. Am 19. Juli um 16 Uhr kommt Abi Wallenstein nach Kitzen. Er gilt nicht nur in Deutschland, sondern ebenso in Europa als einer der besten Blues-Interpreten. Wallenstein, der 1945 in Jerusalem geboren wurde, feierte im Dezember 2025 seinen 80. Geburtstag. Das h\u00e4lt ihn aber nicht davon ab, weiter die B\u00fchne zu betreten. Wenn er nach Kitzen kommt, ist es das 60. Jahr, dass er sich als Blueser dem Publikum stellt. F\u00fcr sein musikalisches Werk hat Wallenstein im Laufe seiner Karriere zahlreiche Preise und Auszeichnungen bekommen, darunter laut seiner Website allein neunmal den German Blues Award. Mehr zum K\u00fcnstler unter <a href=\"http:\/\/www.abiwallenstein.de\">www.abiwallenstein.de<\/a><\/p>\n\n\n\n<p>Der Eintritt kostet 20 Euro pro Person.<\/p>\n\n\n\n<p class=\"has-large-font-size\"><strong>August 2026<\/strong><\/p>\n\n\n\n<figure class=\"wp-block-image size-large\"><img loading=\"lazy\" decoding=\"async\" width=\"819\" height=\"1024\" src=\"https:\/\/sanktnikolaikitzen.de\/wp-content\/uploads\/2025\/12\/06-August-Matthieu-Amade-819x1024.jpg\" alt=\"\" class=\"wp-image-1760\" srcset=\"https:\/\/sanktnikolaikitzen.de\/wp-content\/uploads\/2025\/12\/06-August-Matthieu-Amade-819x1024.jpg 819w, https:\/\/sanktnikolaikitzen.de\/wp-content\/uploads\/2025\/12\/06-August-Matthieu-Amade-240x300.jpg 240w, https:\/\/sanktnikolaikitzen.de\/wp-content\/uploads\/2025\/12\/06-August-Matthieu-Amade-768x960.jpg 768w, https:\/\/sanktnikolaikitzen.de\/wp-content\/uploads\/2025\/12\/06-August-Matthieu-Amade.jpg 1080w\" sizes=\"auto, (max-width: 819px) 85vw, 819px\" \/><figcaption class=\"wp-element-caption\">Matthias Denef und Philippe Amad\u00e9 Poly\u00e1k sind Matthieu&amp;Amad\u00e9.<\/figcaption><\/figure>\n\n\n\n<p>Zwei Instrumente \u2013 eine Musik. Das hatten wir im Sommer letzten Jahres bereits mit Gitarre und Violine in Gestalt des Ensembles \u201eCobario\u201c. In diesem Jahr werden es Klavier und Violine sein, die am 23. August um 16 Uhr in der Kirche Kitzen erklingen. Matthias Denef (Piano) und Philippe Amad\u00e9 Poly\u00e1k (Violine) \u2013 ersterer in Wiedemar, zweiterer in Bad D\u00fcben zu Hause \u2013 haben sich als das Duo \u201eMatthieu&amp;Amad\u00e9\u201c angesagt. Ihr Programm haben sie unter den Titel \u201eZeitlose Diamanten\u201c gestellt. Die beiden Musiker haben sich 2022 kennengelernt und treten seitdem gemeinsam auf. Ihr Repertoire reicht von klassischen St\u00fccken von Johann Sebastian Bach und Antonio Vivaldi bis zu modernen Produktionen von David Guetta oder Musik aus James-Bond-Filmen.<\/p>\n\n\n\n<p>Schon mal reinh\u00f6ren? Bei Youtube ist das <a href=\"https:\/\/www.youtube.com\/watch?v=i5_mijs4WLg&amp;list=RDi5_mijs4WLg&amp;start_radio=1\">hier<\/a> m\u00f6glich. <\/p>\n\n\n\n<p>Der Eintritt kostet 20 Euro pro Person.<\/p>\n\n\n\n<p class=\"has-large-font-size\"><strong>September 2026 (1)<\/strong><\/p>\n\n\n\n<p>Traditionell wird sich der F\u00f6rderverein auch 2026 am deutschlandweiten Tag des offenen Denkmals beteiligen. Der findet in diesem Jahr am 13. September statt. N\u00e4heres zum Programm an diesem Tag, wird noch bekannt gegeben.<\/p>\n\n\n\n<p class=\"has-large-font-size\"><strong>September 2026 (2)<\/strong><\/p>\n\n\n\n<figure class=\"wp-block-image size-large\"><img loading=\"lazy\" decoding=\"async\" width=\"1024\" height=\"683\" src=\"https:\/\/sanktnikolaikitzen.de\/wp-content\/uploads\/2025\/12\/07-September-Gospel-1024x683.jpg\" alt=\"\" class=\"wp-image-1761\" srcset=\"https:\/\/sanktnikolaikitzen.de\/wp-content\/uploads\/2025\/12\/07-September-Gospel-1024x683.jpg 1024w, https:\/\/sanktnikolaikitzen.de\/wp-content\/uploads\/2025\/12\/07-September-Gospel-300x200.jpg 300w, https:\/\/sanktnikolaikitzen.de\/wp-content\/uploads\/2025\/12\/07-September-Gospel-768x512.jpg 768w, https:\/\/sanktnikolaikitzen.de\/wp-content\/uploads\/2025\/12\/07-September-Gospel-1200x800.jpg 1200w, https:\/\/sanktnikolaikitzen.de\/wp-content\/uploads\/2025\/12\/07-September-Gospel.jpg 1482w\" sizes=\"auto, (max-width: 709px) 85vw, (max-width: 909px) 67vw, (max-width: 1362px) 62vw, 840px\" \/><figcaption class=\"wp-element-caption\">Gospel Changes bei einem fr\u00fcheren Auftritt in Kitzen.<\/figcaption><\/figure>\n\n\n\n<p>\u201eGospel around the world\u201c hei\u00dft es am 27. September um 16 Uhr in der Kirche Sankt Nikolai. Zum wiederholten Male wird der Leipziger Chor \u201eGospel Changes\u201c die Besucher bei einem Konzert des F\u00f6rdervereins erfreuen. \u201eF\u00fcr uns ist Gospel singen mehr als nur Musik, es ist ein gemeinsames Erlebnis f\u00fcr Herz und Seele, mit dem wir Menschen miteinander verbinden wollen.\u201c Mit diesem Satz umrei\u00dfen die Chormitglieder auf ihrer Website ihre Motivation, diese Musikrichtung dem Publikum darzubieten. Daran \u00e4ndert auch die Tatsache nichts, dass der langj\u00e4hrige Chorleiter Maik Gosdzinski das Ensemble mittlerweile verlassen hat, um sich einem musikalischen Soloprojekt zu widmen. Neue Chorleiterin ist Simone Grundmann. Mehr zum Chor unter <a href=\"http:\/\/gospel-leipzig.com\">gospel-leipzig.com<\/a><\/p>\n\n\n\n<p>Der Eintritt kostet 20 Euro pro Person.<\/p>\n\n\n\n<p class=\"has-large-font-size\"><strong>Oktober 2026<\/strong><\/p>\n\n\n\n<figure class=\"wp-block-image size-large\"><img loading=\"lazy\" decoding=\"async\" width=\"1024\" height=\"683\" src=\"https:\/\/sanktnikolaikitzen.de\/wp-content\/uploads\/2025\/12\/08-Oktober-HS-Musik_Bildgroesse-aendern-1024x683.jpg\" alt=\"\" class=\"wp-image-1766\" srcset=\"https:\/\/sanktnikolaikitzen.de\/wp-content\/uploads\/2025\/12\/08-Oktober-HS-Musik_Bildgroesse-aendern-1024x683.jpg 1024w, https:\/\/sanktnikolaikitzen.de\/wp-content\/uploads\/2025\/12\/08-Oktober-HS-Musik_Bildgroesse-aendern-300x200.jpg 300w, https:\/\/sanktnikolaikitzen.de\/wp-content\/uploads\/2025\/12\/08-Oktober-HS-Musik_Bildgroesse-aendern-768x512.jpg 768w, https:\/\/sanktnikolaikitzen.de\/wp-content\/uploads\/2025\/12\/08-Oktober-HS-Musik_Bildgroesse-aendern.jpg 1169w\" sizes=\"auto, (max-width: 709px) 85vw, (max-width: 909px) 67vw, (max-width: 1362px) 62vw, 840px\" \/><figcaption class=\"wp-element-caption\">Die Abschlussklasse 2023 bot ein gro\u00dfartiges Programm.<\/figcaption><\/figure>\n\n\n\n<p>Der 25. Oktober h\u00e4lt um 16 Uhr ein Programm der Hochschule f\u00fcr Musik und Theater Leipzig parat. Wie zuletzt im Oktober 2023, als Operettenmelodien zu h\u00f6ren waren, sind es wieder Studentinnen und Studenten der Hochschule, die nach Kitzen kommen. Allerdings wird es eine andere Besetzung geben, denn es handelt sich um Mitglieder der aktuellen Abschlussklasse von Professorin Ilse-Christine Otto.<\/p>\n\n\n\n<p>Der Eintritt kostet 20 Euro pro Person.<\/p>\n\n\n\n<p class=\"has-large-font-size\"><strong>November 2026<\/strong><\/p>\n\n\n\n<figure class=\"wp-block-image size-large\"><img loading=\"lazy\" decoding=\"async\" width=\"1024\" height=\"457\" src=\"https:\/\/sanktnikolaikitzen.de\/wp-content\/uploads\/2025\/12\/09-November-Kosaken-1024x457.png\" alt=\"\" class=\"wp-image-1767\" srcset=\"https:\/\/sanktnikolaikitzen.de\/wp-content\/uploads\/2025\/12\/09-November-Kosaken-1024x457.png 1024w, https:\/\/sanktnikolaikitzen.de\/wp-content\/uploads\/2025\/12\/09-November-Kosaken-300x134.png 300w, https:\/\/sanktnikolaikitzen.de\/wp-content\/uploads\/2025\/12\/09-November-Kosaken-768x343.png 768w, https:\/\/sanktnikolaikitzen.de\/wp-content\/uploads\/2025\/12\/09-November-Kosaken.png 1165w\" sizes=\"auto, (max-width: 709px) 85vw, (max-width: 909px) 67vw, (max-width: 1362px) 62vw, 840px\" \/><figcaption class=\"wp-element-caption\">Der wohl ber\u00fchmteste Kosakenchor kommt nach Kitzen. Foto: don-kosaken-chor.de<\/figcaption><\/figure>\n\n\n\n<p>Das verspricht G\u00e4nsehauteffekt. Denn zum Adventskonzert am 1. Advent 2026, der dieses Mal auf den 29. November f\u00e4llt, wird es etwas Besonderes geben. Um 16 Uhr kommt an dem Tag der Don-Kosaken-Chor in die Kitzener Kirche. Die Stimmgewalt der S\u00e4nger d\u00fcrfte dem ein oder anderen noch von zwei vorangegangenen Auftritten noch in guter Erinnerung sein. Der Chor geh\u00f6rte zu den ersten Ensembles, die bei den Kitzener Kultursonntagen auftraten. Im April 2010 war das, als die Kirche noch in einem denkbar schlechten baulichen Zustand war. Mehr Informationen unter <a href=\"http:\/\/www.don-kosaken-chor.de\">www.don-kosaken-chor.de<\/a><\/p>\n\n\n\n<p>Der Eintritt kostet 25 Euro pro Person.<\/p>\n\n\n\n<p><\/p>\n","protected":false},"excerpt":{"rendered":"<p>Der F\u00f6rderverein hat f\u00fcr 2026 wieder ein erlesenes Programm vorbereitet. Es gibt Lesung und Kabarett, klassische Musik und Blues, Gospel und die Don-Kosaken kommen. Bew\u00e4hrtes bleibt nat\u00fcrlich erhalten: Vor den Veranstaltungen gibt es Kuchen und Kaffee sowie verschiedene andere Getr\u00e4nke zu kleinen Preisen. Vor abendlichen Konzerten werden Kaffee und Kuchen von Herzhaftem ersetzt. Kartenvorbestellungen beziehungsweise &hellip; <a href=\"https:\/\/sanktnikolaikitzen.de\/?page_id=1729\" class=\"more-link\"><span class=\"screen-reader-text\">\u201eVeranstaltungen 2026\u201c <\/span>weiterlesen<\/a><\/p>\n","protected":false},"author":1,"featured_media":0,"parent":0,"menu_order":0,"comment_status":"closed","ping_status":"closed","template":"","meta":{"footnotes":""},"class_list":["post-1729","page","type-page","status-publish","hentry"],"_links":{"self":[{"href":"https:\/\/sanktnikolaikitzen.de\/index.php?rest_route=\/wp\/v2\/pages\/1729","targetHints":{"allow":["GET"]}}],"collection":[{"href":"https:\/\/sanktnikolaikitzen.de\/index.php?rest_route=\/wp\/v2\/pages"}],"about":[{"href":"https:\/\/sanktnikolaikitzen.de\/index.php?rest_route=\/wp\/v2\/types\/page"}],"author":[{"embeddable":true,"href":"https:\/\/sanktnikolaikitzen.de\/index.php?rest_route=\/wp\/v2\/users\/1"}],"replies":[{"embeddable":true,"href":"https:\/\/sanktnikolaikitzen.de\/index.php?rest_route=%2Fwp%2Fv2%2Fcomments&post=1729"}],"version-history":[{"count":12,"href":"https:\/\/sanktnikolaikitzen.de\/index.php?rest_route=\/wp\/v2\/pages\/1729\/revisions"}],"predecessor-version":[{"id":1788,"href":"https:\/\/sanktnikolaikitzen.de\/index.php?rest_route=\/wp\/v2\/pages\/1729\/revisions\/1788"}],"wp:attachment":[{"href":"https:\/\/sanktnikolaikitzen.de\/index.php?rest_route=%2Fwp%2Fv2%2Fmedia&parent=1729"}],"curies":[{"name":"wp","href":"https:\/\/api.w.org\/{rel}","templated":true}]}}