{"id":24,"date":"2017-01-21T15:32:41","date_gmt":"2017-01-21T15:32:41","guid":{"rendered":"http:\/\/sanktnikolaikitzen.de\/?page_id=24"},"modified":"2025-11-15T12:04:20","modified_gmt":"2025-11-15T12:04:20","slug":"ueber","status":"publish","type":"page","link":"https:\/\/sanktnikolaikitzen.de\/?page_id=24","title":{"rendered":"\u00dcber"},"content":{"rendered":"<p>Lass die Kirche im Dorf! Den Spruch kennt fast jeder. \u00dcbertreibe nicht beziehungsweise handle umsichtig &#8211; so ist die sprichw\u00f6rtliche Redewendung gemeint. Man kann es aber auch recht w\u00f6rtlich nehmen: Lass die Kirche im Dorf bestehen, sie geh\u00f6rt zum Dorf. F\u00fcr den Gl\u00e4ubigen wegen seines Glaubens, f\u00fcr den nicht Gl\u00e4ubigen, weil Kirchen Kulturdenkmale, weil sie Wahrzeichen der D\u00f6rfer sind.<\/p>\n<p>Genau das bewog die Mitglieder des &#8222;F\u00f6rderverein der Kreuzkirche Sankt Nikolai Hohenlohe &#8211; Kitzen e.V.&#8220; &#8211; so der vollst\u00e4ndige Name &#8211; sich der Kirche anzunehmen. Wobei sie zudem der Redewendung gem\u00e4\u00df umsichtig handelten und handeln.<\/p>\n<p>Anfang 2007 fanden sich die ersten Mitglieder des Vereins zusammen. Inzwischen sind es 55 Mitglieder geworden, die aus dem Ort selbst kommen, aber auch von au\u00dferhalb der Gemeindegrenzen. W\u00e4hrend regelm\u00e4\u00dfiger Vorstandssitzungen werden die n\u00e4chsten Arbeitsschritte beraten, einmal im Jahr findet die Mitgliederversammlung statt.<\/p>\n<p>Ziel und Zweck des Vereins sind laut Satzung die Schaffung eines gemeinn\u00fctzigen Begegnungszentrums, die Sanierung beziehungsweise Renovierung der Kirche sowie der Erwerb der Eigentumsrechte an der Kirche.<\/p>\n<p>Vereinsvorstand:<\/p>\n<p>Vorsitzende: Dr. Ingrid Riedel<br \/>\nMitglieder:<br \/>\nBarbara Arnold<br \/>\nBrunhild Johannsen<br \/>\nViktor Johannsen<br \/>\nBeate Reutter<br \/>\nKarin Weigenand<br \/>\nBirger Zentner<\/p>\n<p>Mitgliedschaft:<br \/>\nBeitrag 50 Euro im Jahr<br \/>\nRentner 30 Euro<br \/>\nJugendliche\/Studenten 15 Euro<br \/>\nFirmen u. \u00e4. 100 Euro<\/p>\n<p>Spenden willkommen!<\/p>\n<p>Jeder B\u00fcrger kann auch spenden; der Verein ist<br \/>\nberechtigt, Spendenquittungen auszustellen.<br \/>\nKonto f\u00fcr Spenden:<br \/>\nSparkasse Leipzig:<br \/>\nIBAN: DE54860555921100893462<br \/>\nBIC : WELADE8LXXX<\/p>\n","protected":false},"excerpt":{"rendered":"<p>Lass die Kirche im Dorf! Den Spruch kennt fast jeder. \u00dcbertreibe nicht beziehungsweise handle umsichtig &#8211; so ist die sprichw\u00f6rtliche Redewendung gemeint. Man kann es aber auch recht w\u00f6rtlich nehmen: Lass die Kirche im Dorf bestehen, sie geh\u00f6rt zum Dorf. F\u00fcr den Gl\u00e4ubigen wegen seines Glaubens, f\u00fcr den nicht Gl\u00e4ubigen, weil Kirchen Kulturdenkmale, weil sie &hellip; <a href=\"https:\/\/sanktnikolaikitzen.de\/?page_id=24\" class=\"more-link\"><span class=\"screen-reader-text\">\u201e\u00dcber\u201c<\/span> weiterlesen<\/a><\/p>\n","protected":false},"author":1,"featured_media":0,"parent":0,"menu_order":0,"comment_status":"closed","ping_status":"closed","template":"","meta":{"footnotes":""},"class_list":["post-24","page","type-page","status-publish","hentry"],"_links":{"self":[{"href":"https:\/\/sanktnikolaikitzen.de\/index.php?rest_route=\/wp\/v2\/pages\/24","targetHints":{"allow":["GET"]}}],"collection":[{"href":"https:\/\/sanktnikolaikitzen.de\/index.php?rest_route=\/wp\/v2\/pages"}],"about":[{"href":"https:\/\/sanktnikolaikitzen.de\/index.php?rest_route=\/wp\/v2\/types\/page"}],"author":[{"embeddable":true,"href":"https:\/\/sanktnikolaikitzen.de\/index.php?rest_route=\/wp\/v2\/users\/1"}],"replies":[{"embeddable":true,"href":"https:\/\/sanktnikolaikitzen.de\/index.php?rest_route=%2Fwp%2Fv2%2Fcomments&post=24"}],"version-history":[{"count":9,"href":"https:\/\/sanktnikolaikitzen.de\/index.php?rest_route=\/wp\/v2\/pages\/24\/revisions"}],"predecessor-version":[{"id":1728,"href":"https:\/\/sanktnikolaikitzen.de\/index.php?rest_route=\/wp\/v2\/pages\/24\/revisions\/1728"}],"wp:attachment":[{"href":"https:\/\/sanktnikolaikitzen.de\/index.php?rest_route=%2Fwp%2Fv2%2Fmedia&parent=24"}],"curies":[{"name":"wp","href":"https:\/\/api.w.org\/{rel}","templated":true}]}}