{"id":757,"date":"2021-12-06T14:26:04","date_gmt":"2021-12-06T14:26:04","guid":{"rendered":"https:\/\/sanktnikolaikitzen.de\/?page_id=757"},"modified":"2025-11-16T10:28:01","modified_gmt":"2025-11-16T10:28:01","slug":"stiftung","status":"publish","type":"page","link":"https:\/\/sanktnikolaikitzen.de\/?page_id=757","title":{"rendered":"Stiftung"},"content":{"rendered":"\n<p>Seit der F\u00f6rderverein 2010 Eigent\u00fcmer der Kirche in Kitzen geworden ist, ist auch klar, dass das nicht so bleiben wird. Eine Stiftung soll \u00fcber kurz oder lang Eigent\u00fcmerin der Kirche werden. Um zu verstehen, wieso das so ist und sein soll, muss man ein wenig zur\u00fcckblicken.<\/p>\n\n\n\n<p>Die Kirche befand sich vor 2010 weder im Eigentum der Kirche als Institution noch im Eigentum der Gemeinde Kitzen oder eines anderen Besitzers, sie war herrenlos. Warum es dazu gekommen ist, das l\u00e4sst sich mittlerweile nicht mehr so genau kl\u00e4ren. Derartige herrenlose Immobilien werden in Sachsen zwar im Bestand einer Landesbeh\u00f6rde gef\u00fchrt, aber ansonsten sich selbst \u00fcberlassen. Das Ergebnis war zu sehen: Das Bauwerk war dem Verfall preisgegeben.<\/p>\n\n\n<div class=\"wp-block-image\">\n<figure class=\"alignleft size-large is-resized\"><img loading=\"lazy\" decoding=\"async\" width=\"683\" height=\"1024\" src=\"https:\/\/sanktnikolaikitzen.de\/wp-content\/uploads\/2021\/12\/Standhaft026-683x1024.jpg\" alt=\"\" class=\"wp-image-760\" style=\"width:372px;height:557px\" srcset=\"https:\/\/sanktnikolaikitzen.de\/wp-content\/uploads\/2021\/12\/Standhaft026-683x1024.jpg 683w, https:\/\/sanktnikolaikitzen.de\/wp-content\/uploads\/2021\/12\/Standhaft026-200x300.jpg 200w, https:\/\/sanktnikolaikitzen.de\/wp-content\/uploads\/2021\/12\/Standhaft026-768x1152.jpg 768w, https:\/\/sanktnikolaikitzen.de\/wp-content\/uploads\/2021\/12\/Standhaft026-1024x1536.jpg 1024w, https:\/\/sanktnikolaikitzen.de\/wp-content\/uploads\/2021\/12\/Standhaft026-1366x2048.jpg 1366w, https:\/\/sanktnikolaikitzen.de\/wp-content\/uploads\/2021\/12\/Standhaft026-1200x1799.jpg 1200w, https:\/\/sanktnikolaikitzen.de\/wp-content\/uploads\/2021\/12\/Standhaft026-scaled.jpg 1707w\" sizes=\"auto, (max-width: 683px) 85vw, 683px\" \/><figcaption class=\"wp-element-caption\">Die Kirche war bereits vielfach Ort ausgezeichneter Veranstaltungen wie hier ein Rockkonzert von Tino Standhaft und Norman Da\u00dfler.<\/figcaption><\/figure>\n<\/div>\n\n\n<p>Da sonst niemand die Kirche haben wollte, war der F\u00f6rderverein bereit, die Kirche zu \u00fcbernehmen und zu sanieren, um sie als Kirche, aber auch als kulturelle Begegnungsst\u00e4tte zu erhalten. Das hatte aber einen Haken. Wie F\u00f6rdervereinsvorsitzende Ingrid Riedel erkl\u00e4rt, habe es damals bei der Landesbeh\u00f6rde Bedenken gegeben. Vereine k\u00f6nnen aufgel\u00f6st werden oder auch in Insolvenz gehen. Das Ergebnis davon w\u00e4re, dass dann die Kirche erneut herrenlos dastehen w\u00fcrde. Aber ohne Eigentum an dem Bauwerk w\u00e4re eine Sanierung zum Scheitern verurteilt gewesen, weil keine Chance auf Geldzuwendungen wie F\u00f6rdermittel bestanden h\u00e4tte.<\/p>\n\n\n\n<p>Siegwald Bielesch brachte damals die Idee einer Stiftung ins Gespr\u00e4ch. Mit diesem Gedanken kam er bei der Landesverwaltung an. Unter der Bedingung, dass der F\u00f6rderverein die Kirche an eine Stiftung \u00fcbergibt, sobald diese als selbstst\u00e4ndig eingestuft ist und damit als rechtsf\u00e4hig gilt, war das Land bereit, die Kirche f\u00fcr einen Euro an den F\u00f6rderverein zu verkaufen. Der F\u00f6rderverein e.V. wurde Treuh\u00e4nder f\u00fcr die noch nicht rechtsf\u00e4hige Stiftung und als Eigent\u00fcmer eingetragen. Stiftungen sind sozusagen f\u00fcr die \u201eEwigkeit\u201c angelegt. Das bestehende Kapital darf n\u00e4mlich nicht verbraucht werden, Ausgaben d\u00fcrfen nur aus den Kapitalertr\u00e4gen finanziert werden. Damit k\u00f6nnen Stiftungen nicht insolvent und im Prinzip auch nicht aufgel\u00f6st werden. Damit w\u00e4ren die Eigent\u00fcmerschaft an der Kirche und die Kirche f\u00fcr den Ort langfristig gesichert.&nbsp;<\/p>\n\n\n\n<p>Dieses \u00dcbereinkommen mit der Landesverwaltung war der Anfang eines langen Weges, dessen Ende mittlerweile zu erahnen ist. Um als selbstst\u00e4ndig anerkennt zu werden muss die Stiftung mindestens ein Eigenkapital von 50.000 Euro aufweisen. \u201eSobald wir dieses Geld zusammenhaben, k\u00f6nnen wir den Antrag auf Selbstst\u00e4ndigkeit stellen\u201c, sagt Siegwald Bilesch, der einer von drei Gr\u00fcndungsstifter neben Silvia Kunzmann und Hans Schmidt ist. Mittlerweile haben sich mehr als 70 sogenannte Gr\u00fcndungszustifter gefunden. Sie brachten jeweils den Mindestbetrag vom 250 Euro ins Stiftungskapital ein. Ab dieser Summe haben die Einzahler ein Stimmrecht in der einmal j\u00e4hrlich tagenden Stifterversammlung. Sowohl nat\u00fcrliche Personen als auch juristische k\u00f6nnen Zustifter sein und auch h\u00f6here Betr\u00e4ge einzahlen. Auf diese Weise sind bislang rund 55.000 Euro Stiftungskapital, so der Stand im November 2025, zusammengekommen, weil einige Zustifter deutlich mehr gestiftet haben als den Mindestbetrag. Die bisherigen Zustifter sind vor allem B\u00fcrger Kitzens, aber auch Unternehmen und Handwerker, die an der Sanierung der Kirche mitgewirkt haben.<\/p>\n\n\n<div class=\"wp-block-image\">\n<figure class=\"alignleft size-large is-resized\"><img loading=\"lazy\" decoding=\"async\" width=\"1024\" height=\"768\" src=\"https:\/\/sanktnikolaikitzen.de\/wp-content\/uploads\/2021\/12\/Kirche002-1024x768.jpg\" alt=\"\" class=\"wp-image-761\" style=\"width:373px;height:279px\" srcset=\"https:\/\/sanktnikolaikitzen.de\/wp-content\/uploads\/2021\/12\/Kirche002-1024x768.jpg 1024w, https:\/\/sanktnikolaikitzen.de\/wp-content\/uploads\/2021\/12\/Kirche002-300x225.jpg 300w, https:\/\/sanktnikolaikitzen.de\/wp-content\/uploads\/2021\/12\/Kirche002-768x576.jpg 768w, https:\/\/sanktnikolaikitzen.de\/wp-content\/uploads\/2021\/12\/Kirche002-1536x1152.jpg 1536w, https:\/\/sanktnikolaikitzen.de\/wp-content\/uploads\/2021\/12\/Kirche002-2048x1536.jpg 2048w, https:\/\/sanktnikolaikitzen.de\/wp-content\/uploads\/2021\/12\/Kirche002-1200x900.jpg 1200w\" sizes=\"auto, (max-width: 709px) 85vw, (max-width: 909px) 67vw, (max-width: 1362px) 62vw, 840px\" \/><figcaption class=\"wp-element-caption\">Blick ins Seitenschiff der Kirche in Richtung S\u00fcdportal.<\/figcaption><\/figure>\n<\/div>\n\n\n<p>Damit ist eine wesentliche Voraussetzung erf\u00fcllt, um der Stiftung ihre Rechtsf\u00e4higkeit zu geben.  Allerdings muss die Stiftung auch die Mittel f\u00fcr die die Unterhaltung der Kirche aufbringen k\u00f6nnen. Das sind rund 4000 Euro pro Jahr. Deshalb wird es noch bis ins Jahr 2027 dauern, ehe die Stiftung \u00fcber entsprechende Einnahmen verf\u00fcgen wird. <\/p>\n\n\n\n<p>Zur Zeit l\u00e4uft der Prozess f\u00fcr die \u00dcbertragung eines Grundst\u00fcckes in das Eigentum der Stiftung. Geplant ist, dass ein Investor das Grundst\u00fcck in Erbpacht nimmt und es bebaut. Die Erbpacht-Einnahmen w\u00fcrden die Stiftung in die Lage versetzen, daraus die laufenden Kosten f\u00fcr die Kirche zu tragen. <\/p>\n\n\n\n<p>Die Namen der Gr\u00fcndungsstifter und die der Zustifter kann man bislang auf einer Tafel in der Kirche nachlesen. \u201eAllerdings sind es mittlerweile so viele, dass die Tafel nicht mehr ausreichend Platz bietet. Daher ist die Idee entstanden, die Namen der Stifter zusammen mit einigen Ausf\u00fchrungen zu ihrer Person beziehungsweise zur Institution oder zum Unternehmen in einem Buch zu erfassen, dessen Seiten erg\u00e4nzt werden k\u00f6nnen\u201c, sagt Ingrid Riedel. Dieses Buch w\u00fcrde bei Veranstaltungen ausgelegt werden, so dass jeder, der sich daf\u00fcr interessiert, darin bl\u00e4ttern kann.<\/p>\n\n\n<div class=\"wp-block-image\">\n<figure class=\"aligncenter size-large is-resized\"><img loading=\"lazy\" decoding=\"async\" width=\"1024\" height=\"683\" src=\"https:\/\/sanktnikolaikitzen.de\/wp-content\/uploads\/2021\/12\/KonzertLSO-001-1024x683.jpg\" alt=\"\" class=\"wp-image-762\" style=\"width:579px;height:386px\" srcset=\"https:\/\/sanktnikolaikitzen.de\/wp-content\/uploads\/2021\/12\/KonzertLSO-001-1024x683.jpg 1024w, https:\/\/sanktnikolaikitzen.de\/wp-content\/uploads\/2021\/12\/KonzertLSO-001-300x200.jpg 300w, https:\/\/sanktnikolaikitzen.de\/wp-content\/uploads\/2021\/12\/KonzertLSO-001-768x512.jpg 768w, https:\/\/sanktnikolaikitzen.de\/wp-content\/uploads\/2021\/12\/KonzertLSO-001-1536x1024.jpg 1536w, https:\/\/sanktnikolaikitzen.de\/wp-content\/uploads\/2021\/12\/KonzertLSO-001-2048x1365.jpg 2048w, https:\/\/sanktnikolaikitzen.de\/wp-content\/uploads\/2021\/12\/KonzertLSO-001-1200x800.jpg 1200w\" sizes=\"auto, (max-width: 709px) 85vw, (max-width: 909px) 67vw, (max-width: 1362px) 62vw, 840px\" \/><figcaption class=\"wp-element-caption\">Das Leipziger Symphonie Orchester war mehrfach zu Gast in Kitzen.<\/figcaption><\/figure>\n<\/div>\n\n\n<p>Nach wie vor werden Zustifter gesucht, was auch dann noch gilt, wenn das Mindestkapital erreicht ist. Wer Zustifter werden will, der kann einfach den Mindestbetrag von 250 Euro oder eben auch mehr unter Angabe seiner Personalien \u00fcberweisen. Die Kontoverbindung f\u00fcr Zustiftungen lautet:<\/p>\n\n\n\n<p><strong>F\u00f6rderverein der Kreuzkirche Kitzen<\/strong><\/p>\n\n\n\n<p><strong>IBAN: DE50 3506 0190 1800 0150 10<\/strong><\/p>\n\n\n\n<p><strong>Bank f\u00fcr Kirche und Diakonie &#8211; KD-Bank<\/strong><\/p>\n\n\n\n<p>Dass die Einzahlung an den F\u00f6rderverein erfolgt, h\u00e4ngt damit zusammen, dass die Stiftung noch nicht selbstst\u00e4ndig und damit noch nicht gesch\u00e4ftsf\u00e4hig ist.<\/p>\n\n\n\n<p>Unabh\u00e4ngig von der M\u00f6glichkeit, Zustifter zu werden, k\u00f6nnen nach wie vor Betr\u00e4ge in beliebiger H\u00f6he direkt an den F\u00f6rderverein gespendet werden. Dieses Geld kommt den weiteren Bauarbeiten an der Kirche zugute. Denn die Sanierung des Turms steht ja noch aus.<\/p>\n\n\n\n<p>Spenden f\u00fcr diesen Zweck bitte auf folgendes Konto:<\/p>\n\n\n\n<p><strong>F\u00f6rderverein der Kreuzkirche Kitzen<\/strong><\/p>\n\n\n\n<p><strong>IBAN: DE54 8605 5592 1100 8934 62<\/strong><br><strong>Sparkasse Leipzig<br><\/strong> Spendenquittungen werden vom Verein ausgestellt.<\/p>\n","protected":false},"excerpt":{"rendered":"<p>Seit der F\u00f6rderverein 2010 Eigent\u00fcmer der Kirche in Kitzen geworden ist, ist auch klar, dass das nicht so bleiben wird. Eine Stiftung soll \u00fcber kurz oder lang Eigent\u00fcmerin der Kirche werden. Um zu verstehen, wieso das so ist und sein soll, muss man ein wenig zur\u00fcckblicken. Die Kirche befand sich vor 2010 weder im Eigentum &hellip; <a href=\"https:\/\/sanktnikolaikitzen.de\/?page_id=757\" class=\"more-link\"><span class=\"screen-reader-text\">\u201eStiftung\u201c<\/span> weiterlesen<\/a><\/p>\n","protected":false},"author":1,"featured_media":0,"parent":0,"menu_order":0,"comment_status":"closed","ping_status":"closed","template":"","meta":{"footnotes":""},"class_list":["post-757","page","type-page","status-publish","hentry"],"_links":{"self":[{"href":"https:\/\/sanktnikolaikitzen.de\/index.php?rest_route=\/wp\/v2\/pages\/757","targetHints":{"allow":["GET"]}}],"collection":[{"href":"https:\/\/sanktnikolaikitzen.de\/index.php?rest_route=\/wp\/v2\/pages"}],"about":[{"href":"https:\/\/sanktnikolaikitzen.de\/index.php?rest_route=\/wp\/v2\/types\/page"}],"author":[{"embeddable":true,"href":"https:\/\/sanktnikolaikitzen.de\/index.php?rest_route=\/wp\/v2\/users\/1"}],"replies":[{"embeddable":true,"href":"https:\/\/sanktnikolaikitzen.de\/index.php?rest_route=%2Fwp%2Fv2%2Fcomments&post=757"}],"version-history":[{"count":12,"href":"https:\/\/sanktnikolaikitzen.de\/index.php?rest_route=\/wp\/v2\/pages\/757\/revisions"}],"predecessor-version":[{"id":1739,"href":"https:\/\/sanktnikolaikitzen.de\/index.php?rest_route=\/wp\/v2\/pages\/757\/revisions\/1739"}],"wp:attachment":[{"href":"https:\/\/sanktnikolaikitzen.de\/index.php?rest_route=%2Fwp%2Fv2%2Fmedia&parent=757"}],"curies":[{"name":"wp","href":"https:\/\/api.w.org\/{rel}","templated":true}]}}