{"id":8,"date":"2017-01-21T15:14:05","date_gmt":"2017-01-21T15:14:05","guid":{"rendered":"http:\/\/sanktnikolaikitzen.de\/?page_id=8"},"modified":"2026-03-26T12:49:25","modified_gmt":"2026-03-26T12:49:25","slug":"kirche-kitzen","status":"publish","type":"page","link":"https:\/\/sanktnikolaikitzen.de\/","title":{"rendered":"Willkommen"},"content":{"rendered":"\n<h5 class=\"wp-block-heading\" id=\"auf-den-internetseiten-des-fordervereins-kirche-kitzen\">auf den Internetseiten des F\u00f6rdervereins Kirche Kitzen<\/h5>\n\n\n\n<p class=\"has-medium-font-size\"><strong>N\u00e4chste Veranstaltung<\/strong><\/p>\n\n\n<div class=\"wp-block-image\">\n<figure class=\"alignleft size-large is-resized\"><img loading=\"lazy\" decoding=\"async\" width=\"1024\" height=\"683\" src=\"https:\/\/sanktnikolaikitzen.de\/wp-content\/uploads\/2025\/12\/02-April-Geissler-1024x683.jpg\" alt=\"\" class=\"wp-image-1755\" style=\"aspect-ratio:1.4992860107048283;width:349px;height:auto\" srcset=\"https:\/\/sanktnikolaikitzen.de\/wp-content\/uploads\/2025\/12\/02-April-Geissler-1024x683.jpg 1024w, https:\/\/sanktnikolaikitzen.de\/wp-content\/uploads\/2025\/12\/02-April-Geissler-300x200.jpg 300w, https:\/\/sanktnikolaikitzen.de\/wp-content\/uploads\/2025\/12\/02-April-Geissler-768x512.jpg 768w, https:\/\/sanktnikolaikitzen.de\/wp-content\/uploads\/2025\/12\/02-April-Geissler-1200x800.jpg 1200w, https:\/\/sanktnikolaikitzen.de\/wp-content\/uploads\/2025\/12\/02-April-Geissler.jpg 1440w\" sizes=\"auto, (max-width: 709px) 85vw, (max-width: 909px) 67vw, (max-width: 1362px) 62vw, 840px\" \/><figcaption class=\"wp-element-caption\">Anke Gei\u00dfler alias Kellnerin Monika Weingeist. Im Hintergrund Enrico Wirth. Foto: ankegeissler.de<\/figcaption><\/figure>\n<\/div>\n\n\n<p class=\"has-text-align-left\">Am 26. April 2026 um 16 Uhr setzt der F\u00f6rderverein die Reihe erfolgreicher Kabarettprogramme fort. Zu Gast ist in der Kitzener Kirche Anke Gei\u00dfler, die wie schon zuvor Heike Ronniger und Carolin Fischer zum Kreis des Leipziger Kabaretts academixer geh\u00f6rt. Gei\u00dfler kommt mit ihrem Programm \u201eTrinkgeld darf auch knistern\u201c. Anke Gei\u00dfler alias Kellnerin Monika Weingeist serviert ein \u201egefundenes Fressen mit Hybrid-W\u00fcrze,&nbsp;Naturaroma und Knuspervielfalt\u201c, wie es auf ihrer Internetseite hei\u00dft. Zu Gast sind zahlreiche Figuren, die im Lokal ins Plaudern, Posaunen und Singen kommen, dass es nur so knistert. Begleitet wird sie bei ihrem Programm von Enrico Wirth am Klavier, der dem Kitzener Publikum bereits aus den Programmen der beiden anderen Kabarettistinnen bestens bekannt ist. Mehr Informationen zu Anke Gei\u00dfler unter <a href=\"http:\/\/ankegeissler.de\">ankegeissler.de<\/a><\/p>\n\n\n\n<p>Der Eintritt kostet 20 Euro.<\/p>\n\n\n\n<p>Ab 15 Uhr gibt es zu moderaten Preisen Kaffee und Kuchen sowie Getr\u00e4nke.<\/p>\n\n\n\n<p>Mehr zum Jahresprogramm unter<a href=\"https:\/\/sanktnikolaikitzen.de\/?page_id=1729\"> Veranstaltungen 2026<\/a><\/p>\n\n\n\n<p class=\"has-medium-font-size\"><strong>Die &#8222;neue&#8220; Or<\/strong>gel<\/p>\n\n\n\n<figure class=\"wp-block-image size-full\"><a href=\"https:\/\/sanktnikolaikitzen.de\/?s=Wind\" rel=\"https:\/\/sanktnikolaikitzen.de\/?s=Wind\"><img loading=\"lazy\" decoding=\"async\" width=\"972\" height=\"648\" src=\"https:\/\/sanktnikolaikitzen.de\/wp-content\/uploads\/2025\/09\/WebOrgel001.jpg\" alt=\"\" class=\"wp-image-1638\" srcset=\"https:\/\/sanktnikolaikitzen.de\/wp-content\/uploads\/2025\/09\/WebOrgel001.jpg 972w, https:\/\/sanktnikolaikitzen.de\/wp-content\/uploads\/2025\/09\/WebOrgel001-300x200.jpg 300w, https:\/\/sanktnikolaikitzen.de\/wp-content\/uploads\/2025\/09\/WebOrgel001-768x512.jpg 768w\" sizes=\"auto, (max-width: 709px) 85vw, (max-width: 909px) 67vw, (max-width: 1362px) 62vw, 840px\" \/><\/a><figcaption class=\"wp-element-caption\">Diesen Anblick gab es seit mehr als einem Jahrzehnt nicht. Die Orgel in der Kitzner Kirche sieht wieder aus wie eine Orgel und ist spielbereit. Mehr dazu gibt es <a href=\"https:\/\/sanktnikolaikitzen.de\/?s=Wind\">hier<\/a> zu lesen.<\/figcaption><\/figure>\n\n\n\n<p class=\"has-medium-font-size\"><strong>Die Kirche<\/strong><\/p>\n\n\n<div class=\"wp-block-image\">\n<figure class=\"alignleft size-full\"><img loading=\"lazy\" decoding=\"async\" width=\"970\" height=\"646\" src=\"https:\/\/sanktnikolaikitzen.de\/wp-content\/uploads\/2021\/12\/Kirche-Kitzen-alt_Bildgroesse-aendern.jpg\" alt=\"\" class=\"wp-image-755\" srcset=\"https:\/\/sanktnikolaikitzen.de\/wp-content\/uploads\/2021\/12\/Kirche-Kitzen-alt_Bildgroesse-aendern.jpg 970w, https:\/\/sanktnikolaikitzen.de\/wp-content\/uploads\/2021\/12\/Kirche-Kitzen-alt_Bildgroesse-aendern-300x200.jpg 300w, https:\/\/sanktnikolaikitzen.de\/wp-content\/uploads\/2021\/12\/Kirche-Kitzen-alt_Bildgroesse-aendern-768x511.jpg 768w\" sizes=\"auto, (max-width: 709px) 85vw, (max-width: 909px) 67vw, (max-width: 1362px) 62vw, 840px\" \/><figcaption class=\"wp-element-caption\">Das Bild zeigt die Kirche, wie sie etwa vor 100 Jahren von einem unbekannten K\u00fcnstler gemalt wurde (das Foto wurde freundlicherweise von Rudi Pfeiffer zur Verf\u00fcgung gestellt).<\/figcaption><\/figure>\n<\/div>\n\n\n<p><\/p>\n\n\n\n<p>Herrenlos &#8211; das war einmal. Die Kirche in Kitzen, einem Ortsteil der Stadt Pegau im Landkreis Leipzig, hat seit dem Jahr 2010 einen Eigent\u00fcmer. Der F\u00f6rderverein der Kreuzkirche Sankt Nikolai Hohenlohe- Kitzen hat die Kirche erworben, um sie zu sanieren, zu einem kulturellen Begegnungszentrum auszubauen und um sie f\u00fcr ihren eigentlichen Zweck zu erhalten.<\/p>\n\n\n\n<p class=\"has-medium-font-size\"><strong>Die Sanierung der Kirche wird durch europ\u00e4ische F\u00f6rdermittel unterst\u00fctzt.<\/strong><\/p>\n\n\n\n<figure class=\"wp-block-image size-large\"><img loading=\"lazy\" decoding=\"async\" width=\"1024\" height=\"215\" src=\"https:\/\/sanktnikolaikitzen.de\/wp-content\/uploads\/2025\/06\/DE-Kofinanziert-von-der-Europaeischen-Union_POS-1024x215.jpg\" alt=\"\" class=\"wp-image-1569\" srcset=\"https:\/\/sanktnikolaikitzen.de\/wp-content\/uploads\/2025\/06\/DE-Kofinanziert-von-der-Europaeischen-Union_POS-1024x215.jpg 1024w, https:\/\/sanktnikolaikitzen.de\/wp-content\/uploads\/2025\/06\/DE-Kofinanziert-von-der-Europaeischen-Union_POS-300x63.jpg 300w, https:\/\/sanktnikolaikitzen.de\/wp-content\/uploads\/2025\/06\/DE-Kofinanziert-von-der-Europaeischen-Union_POS-768x161.jpg 768w, https:\/\/sanktnikolaikitzen.de\/wp-content\/uploads\/2025\/06\/DE-Kofinanziert-von-der-Europaeischen-Union_POS-1536x322.jpg 1536w, https:\/\/sanktnikolaikitzen.de\/wp-content\/uploads\/2025\/06\/DE-Kofinanziert-von-der-Europaeischen-Union_POS-2048x430.jpg 2048w, https:\/\/sanktnikolaikitzen.de\/wp-content\/uploads\/2025\/06\/DE-Kofinanziert-von-der-Europaeischen-Union_POS-1200x252.jpg 1200w\" sizes=\"auto, (max-width: 709px) 85vw, (max-width: 909px) 67vw, (max-width: 1362px) 62vw, 840px\" \/><\/figure>\n\n\n\n<p><\/p>\n\n\n\n<p>Zum aktuellen Stand der Arbeiten und zur F\u00f6rderung steht unter anderem hier mehr: <a href=\"https:\/\/sanktnikolaikitzen.de\/es-ist-geschafft\">Abschluss <\/a>und <a href=\"https:\/\/sanktnikolaikitzen.de\/das-i-tuepfelchen\">Turmuhr<\/a>. Einen Film zu Kitzen und zur Kirche gibt es unter <a href=\"https:\/\/www.youtube.com\/watch?v=2s9tf9bd4iI\">youtube<\/a> anzuschauen. Mehr zu den Hintergr\u00fcnden: <a href=\"https:\/\/sanktnikolaikitzen.de\/ein-jahr-zum-vergessen-durchaus-nicht\">hier<\/a><\/p>\n\n\n\n<p><\/p>\n\n\n\n<h5 class=\"wp-block-heading\"><\/h5>\n","protected":false},"excerpt":{"rendered":"<p>auf den Internetseiten des F\u00f6rdervereins Kirche Kitzen N\u00e4chste Veranstaltung Am 26. April 2026 um 16 Uhr setzt der F\u00f6rderverein die Reihe erfolgreicher Kabarettprogramme fort. Zu Gast ist in der Kitzener Kirche Anke Gei\u00dfler, die wie schon zuvor Heike Ronniger und Carolin Fischer zum Kreis des Leipziger Kabaretts academixer geh\u00f6rt. Gei\u00dfler kommt mit ihrem Programm \u201eTrinkgeld &hellip; <a href=\"https:\/\/sanktnikolaikitzen.de\/\" class=\"more-link\"><span class=\"screen-reader-text\">\u201eWillkommen\u201c<\/span> weiterlesen<\/a><\/p>\n","protected":false},"author":1,"featured_media":0,"parent":0,"menu_order":0,"comment_status":"closed","ping_status":"closed","template":"","meta":{"footnotes":""},"class_list":["post-8","page","type-page","status-publish","hentry"],"_links":{"self":[{"href":"https:\/\/sanktnikolaikitzen.de\/index.php?rest_route=\/wp\/v2\/pages\/8","targetHints":{"allow":["GET"]}}],"collection":[{"href":"https:\/\/sanktnikolaikitzen.de\/index.php?rest_route=\/wp\/v2\/pages"}],"about":[{"href":"https:\/\/sanktnikolaikitzen.de\/index.php?rest_route=\/wp\/v2\/types\/page"}],"author":[{"embeddable":true,"href":"https:\/\/sanktnikolaikitzen.de\/index.php?rest_route=\/wp\/v2\/users\/1"}],"replies":[{"embeddable":true,"href":"https:\/\/sanktnikolaikitzen.de\/index.php?rest_route=%2Fwp%2Fv2%2Fcomments&post=8"}],"version-history":[{"count":219,"href":"https:\/\/sanktnikolaikitzen.de\/index.php?rest_route=\/wp\/v2\/pages\/8\/revisions"}],"predecessor-version":[{"id":1799,"href":"https:\/\/sanktnikolaikitzen.de\/index.php?rest_route=\/wp\/v2\/pages\/8\/revisions\/1799"}],"wp:attachment":[{"href":"https:\/\/sanktnikolaikitzen.de\/index.php?rest_route=%2Fwp%2Fv2%2Fmedia&parent=8"}],"curies":[{"name":"wp","href":"https:\/\/api.w.org\/{rel}","templated":true}]}}